{"id":1147,"date":"2025-06-03T08:10:40","date_gmt":"2025-06-03T08:10:40","guid":{"rendered":"https:\/\/hipnos.lv\/?post_type=product&#038;p=1147"},"modified":"2025-06-10T10:04:55","modified_gmt":"2025-06-10T10:04:55","slug":"resmed-deguna-maska-airfit-n30","status":"publish","type":"product","link":"https:\/\/hipnos.lv\/en\/product\/resmed-deguna-maska-airfit-n30\/","title":{"rendered":"ResMed AirFit N30 deguna maska"},"content":{"rendered":"<p>Pirm\u0101 \u0161\u016bpu\u013cveida deguna maska \u200b\u200bar front\u0101lo caurul\u012bti. Komplekt\u0101 divu izm\u0113ru deguna uzga\u013ci M un S.<\/p>\n<p>ResMed AirFit \u2122 N30 maskas konstrukcija \u013cauj viegli un prec\u012bzi piel\u0101got to pacientam. Deguna \u0161\u016bpu\u013ca spilvens, ir\u00a0 izgatavots no m\u012bksta silikona materi\u0101la, kas atbilst deguna formai.<\/p>\n","protected":false},"excerpt":{"rendered":"<p>ResMed AirFit \u2122 N30 maskas konstrukcija \u013cauj viegli un prec\u012bzi piel\u0101got to pacientam. Deguna \u0161\u016bpu\u013ca spilvens, ir\u00a0 izgatavots no m\u012bksta silikona materi\u0101la, kas atbilst deguna formai.<\/p>\n","protected":false},"featured_media":1148,"comment_status":"open","ping_status":"closed","template":"","meta":{"_acf_changed":false,"inline_featured_image":false},"product_brand":[],"product_cat":[88],"product_tag":[],"class_list":{"0":"post-1147","1":"product","2":"type-product","3":"status-publish","4":"has-post-thumbnail","6":"product_cat-deguna-maskas","8":"first","9":"instock","10":"shipping-taxable","11":"purchasable","12":"product-type-simple"},"acf":[],"yoast_head":"<!-- This site is optimized with the Yoast SEO plugin v27.0 - https:\/\/yoast.com\/product\/yoast-seo-wordpress\/ -->\n<title>ResMed AirFit N30 deguna maska - Hipnos<\/title>\n<meta name=\"description\" content=\"Pirm\u0101 \u0161\u016bpu\u013cveid\u012bga deguna maska \u200b\u200bar front\u0101lo caurul\u012bti. Starter kit (komplekt\u0101 2 izm\u0113ru deguna uzga\u013ci M un S).\u00a0ResMed AirFit \u2122 N30 maskas konstrukcija \u013cauj viegli un prec\u012bzi piel\u0101got to pacientam. Deguna \u0161\u016bpu\u013ca spilvens, kas atrodas zem deguna, ir\u00a0 izgatavots no m\u012bksta silikona materi\u0101la, kas atbilst deguna formai.\u00a0\" \/>\n<meta name=\"robots\" content=\"noindex, follow, max-snippet:-1, max-image-preview:large, max-video-preview:-1\" \/>\n<meta property=\"og:locale\" content=\"en_US\" \/>\n<meta property=\"og:type\" content=\"article\" \/>\n<meta property=\"og:title\" content=\"ResMed AirFit N30 deguna maska - Hipnos\" \/>\n<meta property=\"og:description\" content=\"Pirm\u0101 \u0161\u016bpu\u013cveid\u012bga deguna maska \u200b\u200bar front\u0101lo caurul\u012bti. Starter kit (komplekt\u0101 2 izm\u0113ru deguna uzga\u013ci M un S).\u00a0ResMed AirFit \u2122 N30 maskas konstrukcija \u013cauj viegli un prec\u012bzi piel\u0101got to pacientam. Deguna \u0161\u016bpu\u013ca spilvens, kas atrodas zem deguna, ir\u00a0 izgatavots no m\u012bksta silikona materi\u0101la, kas atbilst deguna formai.\u00a0\" \/>\n<meta property=\"og:url\" content=\"https:\/\/hipnos.lv\/en\/product\/resmed-deguna-maska-airfit-n30\/\" \/>\n<meta property=\"og:site_name\" content=\"Hipnos\" \/>\n<meta property=\"article:modified_time\" content=\"2025-06-10T10:04:55+00:00\" \/>\n<meta property=\"og:image\" content=\"https:\/\/darkseagreen-baboon-647591.hostingersite.com\/wp-content\/uploads\/2025\/06\/maskadeguna1.jpg\" \/>\n\t<meta property=\"og:image:width\" content=\"1024\" \/>\n\t<meta property=\"og:image:height\" content=\"741\" \/>\n\t<meta property=\"og:image:type\" content=\"image\/jpeg\" \/>\n<meta name=\"twitter:card\" content=\"summary_large_image\" \/>\n<meta name=\"twitter:label1\" content=\"Est. reading time\" \/>\n\t<meta name=\"twitter:data1\" content=\"1 minute\" \/>\n<script type=\"application\/ld+json\" class=\"yoast-schema-graph\">{\"@context\":\"https:\/\/schema.org\",\"@graph\":[{\"@type\":\"WebPage\",\"@id\":\"https:\/\/hipnos.lv\/en\/product\/resmed-deguna-maska-airfit-n30\/\",\"url\":\"https:\/\/hipnos.lv\/en\/product\/resmed-deguna-maska-airfit-n30\/\",\"name\":\"ResMed AirFit N30 deguna maska - Hipnos\",\"isPartOf\":{\"@id\":\"https:\/\/hipnos.lv\/en\/#website\"},\"primaryImageOfPage\":{\"@id\":\"https:\/\/hipnos.lv\/en\/product\/resmed-deguna-maska-airfit-n30\/#primaryimage\"},\"image\":{\"@id\":\"https:\/\/hipnos.lv\/en\/product\/resmed-deguna-maska-airfit-n30\/#primaryimage\"},\"thumbnailUrl\":\"https:\/\/hipnos.lv\/wp-content\/uploads\/2025\/06\/maskadeguna1.jpg\",\"datePublished\":\"2025-06-03T08:10:40+00:00\",\"dateModified\":\"2025-06-10T10:04:55+00:00\",\"description\":\"Pirm\u0101 \u0161\u016bpu\u013cveid\u012bga deguna maska \u200b\u200bar front\u0101lo caurul\u012bti. Starter kit (komplekt\u0101 2 izm\u0113ru deguna uzga\u013ci M un S).\u00a0ResMed AirFit \u2122 N30 maskas konstrukcija \u013cauj viegli un prec\u012bzi piel\u0101got to pacientam. Deguna \u0161\u016bpu\u013ca spilvens, kas atrodas zem deguna, ir\u00a0 izgatavots no m\u012bksta silikona materi\u0101la, kas atbilst deguna formai.\u00a0\",\"breadcrumb\":{\"@id\":\"https:\/\/hipnos.lv\/en\/product\/resmed-deguna-maska-airfit-n30\/#breadcrumb\"},\"inLanguage\":\"en-US\",\"potentialAction\":[{\"@type\":\"ReadAction\",\"target\":[\"https:\/\/hipnos.lv\/en\/product\/resmed-deguna-maska-airfit-n30\/\"]}]},{\"@type\":\"ImageObject\",\"inLanguage\":\"en-US\",\"@id\":\"https:\/\/hipnos.lv\/en\/product\/resmed-deguna-maska-airfit-n30\/#primaryimage\",\"url\":\"https:\/\/hipnos.lv\/wp-content\/uploads\/2025\/06\/maskadeguna1.jpg\",\"contentUrl\":\"https:\/\/hipnos.lv\/wp-content\/uploads\/2025\/06\/maskadeguna1.jpg\",\"width\":1024,\"height\":741},{\"@type\":\"BreadcrumbList\",\"@id\":\"https:\/\/hipnos.lv\/en\/product\/resmed-deguna-maska-airfit-n30\/#breadcrumb\",\"itemListElement\":[{\"@type\":\"ListItem\",\"position\":1,\"name\":\"S\u0101kums\",\"item\":\"https:\/\/hipnos.lv\/en\/\"},{\"@type\":\"ListItem\",\"position\":2,\"name\":\"E\u2010Shop\",\"item\":\"https:\/\/hipnos.lv\/en\/shop\/\"},{\"@type\":\"ListItem\",\"position\":3,\"name\":\"ResMed AirFit N30 deguna maska\"}]},{\"@type\":\"WebSite\",\"@id\":\"https:\/\/hipnos.lv\/en\/#website\",\"url\":\"https:\/\/hipnos.lv\/en\/\",\"name\":\"Hipnos\",\"description\":\"\",\"potentialAction\":[{\"@type\":\"SearchAction\",\"target\":{\"@type\":\"EntryPoint\",\"urlTemplate\":\"https:\/\/hipnos.lv\/en\/?s={search_term_string}\"},\"query-input\":{\"@type\":\"PropertyValueSpecification\",\"valueRequired\":true,\"valueName\":\"search_term_string\"}}],\"inLanguage\":\"en-US\"}]}<\/script>\n<!-- \/ Yoast SEO plugin. -->","yoast_head_json":{"title":"ResMed AirFit N30 deguna maska - Hipnos","description":"Pirm\u0101 \u0161\u016bpu\u013cveid\u012bga deguna maska \u200b\u200bar front\u0101lo caurul\u012bti. Starter kit (komplekt\u0101 2 izm\u0113ru deguna uzga\u013ci M un S).\u00a0ResMed AirFit \u2122 N30 maskas konstrukcija \u013cauj viegli un prec\u012bzi piel\u0101got to pacientam. Deguna \u0161\u016bpu\u013ca spilvens, kas atrodas zem deguna, ir\u00a0 izgatavots no m\u012bksta silikona materi\u0101la, kas atbilst deguna formai.\u00a0","robots":{"index":"noindex","follow":"follow","max-snippet":"max-snippet:-1","max-image-preview":"max-image-preview:large","max-video-preview":"max-video-preview:-1"},"og_locale":"en_US","og_type":"article","og_title":"ResMed AirFit N30 deguna maska - Hipnos","og_description":"Pirm\u0101 \u0161\u016bpu\u013cveid\u012bga deguna maska \u200b\u200bar front\u0101lo caurul\u012bti. Starter kit (komplekt\u0101 2 izm\u0113ru deguna uzga\u013ci M un S).\u00a0ResMed AirFit \u2122 N30 maskas konstrukcija \u013cauj viegli un prec\u012bzi piel\u0101got to pacientam. Deguna \u0161\u016bpu\u013ca spilvens, kas atrodas zem deguna, ir\u00a0 izgatavots no m\u012bksta silikona materi\u0101la, kas atbilst deguna formai.\u00a0","og_url":"https:\/\/hipnos.lv\/en\/product\/resmed-deguna-maska-airfit-n30\/","og_site_name":"Hipnos","article_modified_time":"2025-06-10T10:04:55+00:00","og_image":[{"width":1024,"height":741,"url":"https:\/\/darkseagreen-baboon-647591.hostingersite.com\/wp-content\/uploads\/2025\/06\/maskadeguna1.jpg","type":"image\/jpeg"}],"twitter_card":"summary_large_image","twitter_misc":{"Est. reading time":"1 minute"},"schema":{"@context":"https:\/\/schema.org","@graph":[{"@type":"WebPage","@id":"https:\/\/hipnos.lv\/en\/product\/resmed-deguna-maska-airfit-n30\/","url":"https:\/\/hipnos.lv\/en\/product\/resmed-deguna-maska-airfit-n30\/","name":"ResMed AirFit N30 deguna maska - Hipnos","isPartOf":{"@id":"https:\/\/hipnos.lv\/en\/#website"},"primaryImageOfPage":{"@id":"https:\/\/hipnos.lv\/en\/product\/resmed-deguna-maska-airfit-n30\/#primaryimage"},"image":{"@id":"https:\/\/hipnos.lv\/en\/product\/resmed-deguna-maska-airfit-n30\/#primaryimage"},"thumbnailUrl":"https:\/\/hipnos.lv\/wp-content\/uploads\/2025\/06\/maskadeguna1.jpg","datePublished":"2025-06-03T08:10:40+00:00","dateModified":"2025-06-10T10:04:55+00:00","description":"Pirm\u0101 \u0161\u016bpu\u013cveid\u012bga deguna maska \u200b\u200bar front\u0101lo caurul\u012bti. Starter kit (komplekt\u0101 2 izm\u0113ru deguna uzga\u013ci M un S).\u00a0ResMed AirFit \u2122 N30 maskas konstrukcija \u013cauj viegli un prec\u012bzi piel\u0101got to pacientam. Deguna \u0161\u016bpu\u013ca spilvens, kas atrodas zem deguna, ir\u00a0 izgatavots no m\u012bksta silikona materi\u0101la, kas atbilst deguna formai.\u00a0","breadcrumb":{"@id":"https:\/\/hipnos.lv\/en\/product\/resmed-deguna-maska-airfit-n30\/#breadcrumb"},"inLanguage":"en-US","potentialAction":[{"@type":"ReadAction","target":["https:\/\/hipnos.lv\/en\/product\/resmed-deguna-maska-airfit-n30\/"]}]},{"@type":"ImageObject","inLanguage":"en-US","@id":"https:\/\/hipnos.lv\/en\/product\/resmed-deguna-maska-airfit-n30\/#primaryimage","url":"https:\/\/hipnos.lv\/wp-content\/uploads\/2025\/06\/maskadeguna1.jpg","contentUrl":"https:\/\/hipnos.lv\/wp-content\/uploads\/2025\/06\/maskadeguna1.jpg","width":1024,"height":741},{"@type":"BreadcrumbList","@id":"https:\/\/hipnos.lv\/en\/product\/resmed-deguna-maska-airfit-n30\/#breadcrumb","itemListElement":[{"@type":"ListItem","position":1,"name":"S\u0101kums","item":"https:\/\/hipnos.lv\/en\/"},{"@type":"ListItem","position":2,"name":"E\u2010Shop","item":"https:\/\/hipnos.lv\/en\/shop\/"},{"@type":"ListItem","position":3,"name":"ResMed AirFit N30 deguna maska"}]},{"@type":"WebSite","@id":"https:\/\/hipnos.lv\/en\/#website","url":"https:\/\/hipnos.lv\/en\/","name":"Hipnos","description":"","potentialAction":[{"@type":"SearchAction","target":{"@type":"EntryPoint","urlTemplate":"https:\/\/hipnos.lv\/en\/?s={search_term_string}"},"query-input":{"@type":"PropertyValueSpecification","valueRequired":true,"valueName":"search_term_string"}}],"inLanguage":"en-US"}]}},"_links":{"self":[{"href":"https:\/\/hipnos.lv\/en\/wp-json\/wp\/v2\/product\/1147","targetHints":{"allow":["GET"]}}],"collection":[{"href":"https:\/\/hipnos.lv\/en\/wp-json\/wp\/v2\/product"}],"about":[{"href":"https:\/\/hipnos.lv\/en\/wp-json\/wp\/v2\/types\/product"}],"replies":[{"embeddable":true,"href":"https:\/\/hipnos.lv\/en\/wp-json\/wp\/v2\/comments?post=1147"}],"wp:featuredmedia":[{"embeddable":true,"href":"https:\/\/hipnos.lv\/en\/wp-json\/wp\/v2\/media\/1148"}],"wp:attachment":[{"href":"https:\/\/hipnos.lv\/en\/wp-json\/wp\/v2\/media?parent=1147"}],"wp:term":[{"taxonomy":"product_brand","embeddable":true,"href":"https:\/\/hipnos.lv\/en\/wp-json\/wp\/v2\/product_brand?post=1147"},{"taxonomy":"product_cat","embeddable":true,"href":"https:\/\/hipnos.lv\/en\/wp-json\/wp\/v2\/product_cat?post=1147"},{"taxonomy":"product_tag","embeddable":true,"href":"https:\/\/hipnos.lv\/en\/wp-json\/wp\/v2\/product_tag?post=1147"}],"curies":[{"name":"wp","href":"https:\/\/api.w.org\/{rel}","templated":true}]}}