{"id":1135,"date":"2025-06-03T07:26:41","date_gmt":"2025-06-03T07:26:41","guid":{"rendered":"https:\/\/hipnos.lv\/?post_type=product&#038;p=1135"},"modified":"2026-02-06T13:58:58","modified_gmt":"2026-02-06T13:58:58","slug":"resmed20","status":"publish","type":"product","link":"https:\/\/hipnos.lv\/en\/product\/resmed20\/","title":{"rendered":"ResMed N20 deguna maska"},"content":{"rendered":"<p>Maska paredz\u0113ta lieto\u0161anai ar jebkura ra\u017eot\u0101ja CPAP, APAP un BiLevel iek\u0101rtu. Maska ir izstr\u0101d\u0101ta t\u0101, ka tai nav pieres balsta, kas iek\u0101rtas lieto\u0161anu padara \u0113rt\u0101ku. Piem\u0113rota pacientiem, kas n\u0113sa brilles un gu\u013c uz s\u0101na. Klasisks dizains, kam uzticas gan miega \u0101rsti, gan CPAP lietot\u0101ji.<\/p>\n<p><strong>Produkta galven\u0101s iez\u012bmes<\/strong><\/p>\n<ul>\n<li>InfinitySeal spilventi\u0146\u0161 ir izstr\u0101d\u0101ts, lai maska piek\u013cautos pie jebkura gaisa pl\u016bsmas spiediena iestat\u012bjuma<\/li>\n<li>Magn\u0113tisk\u0101 aizdare \u013cauj ar diviem vienk\u0101r\u0161iem klik\u0161\u0137iem uzlikt vai no\u0146emt masku<\/li>\n<li>\u0100tri atbr\u012bvojams elkonis \u013cauj nakt\u012b piecelties un atvienot masku no iek\u0101rtas<\/li>\n<li>M\u012bksts galvas stiprin\u0101jums un elast\u012bgs r\u0101mis nodro\u0161ina papildu komfortu<\/li>\n<li>Ja v\u0113laties \u0161o masku lietot kop\u0101 ar AirMini iek\u0101rtu Jums ir j\u0101ieg\u0101d\u0101jas speci\u0101l\u0101 caurule.<\/li>\n<\/ul>\n<p data-start=\"397\" data-end=\"669\"><strong data-start=\"397\" data-end=\"430\">Svar\u012bga dro\u0161\u012bbas inform\u0101cija:<\/strong><br data-start=\"430\" data-end=\"433\" \/>\u0160\u012b maska satur magn\u0113tus, kas var ietekm\u0113t noteiktus implantus vai medic\u012bnas ier\u012bces. Lai ieg\u016btu detaliz\u0113tu inform\u0101ciju par lieto\u0161anu, tostarp kontrindik\u0101cij\u0101m un br\u012bdin\u0101jumiem par magn\u0113tiem, l\u016bdzu, skatiet ofici\u0101los atbalsta dokumentus.<\/p>\n<p data-start=\"397\" data-end=\"669\">\n","protected":false},"excerpt":{"rendered":"<p>Maska paredz\u0113ta lieto\u0161anai ar jebkura ra\u017eot\u0101ja CPAP, APAP un BiLevel iek\u0101rtu. Maska ir izstr\u0101d\u0101ta t\u0101 ka tai nav pieres balsta, kas iek\u0101rtas lieto\u0161anu padara \u0113rt\u0101ku, bet \u0161\u012b iemesla d\u0113\u013c iesak\u0101m to izmantot pie neliela terapeitisk\u0101 spiediena. Ja v\u0113laties \u0161o masku lietot kop\u0101 ar AirMini iek\u0101rtu Jums ir j\u0101ieg\u0101d\u0101jas speci\u0101l\u0101 caurule.<\/p>\n","protected":false},"featured_media":1136,"comment_status":"open","ping_status":"closed","template":"","meta":{"_acf_changed":false,"inline_featured_image":false},"product_brand":[],"product_cat":[88],"product_tag":[],"class_list":{"0":"post-1135","1":"product","2":"type-product","3":"status-publish","4":"has-post-thumbnail","6":"product_cat-deguna-maskas","8":"first","9":"instock","10":"shipping-taxable","11":"purchasable","12":"product-type-variable"},"acf":[],"yoast_head":"<!-- This site is optimized with the Yoast SEO plugin v27.0 - https:\/\/yoast.com\/product\/yoast-seo-wordpress\/ -->\n<title>ResMed N20 deguna maska - Hipnos<\/title>\n<meta name=\"description\" content=\"Maska paredz\u0113ta lieto\u0161anai ar jebkura ra\u017eot\u0101ja CPAP, APAP un BiLevel iek\u0101rtu. Maska ir izstr\u0101d\u0101ta t\u0101, ka tai nav pieres balsta, kas iek\u0101rtas lieto\u0161anu padara \u0113rt\u0101ku. Piem\u0113rota pacientiem, kas n\u0113sa brilles un gu\u013c uz s\u0101na. Klasisks dizains, kam uzticas gan miega \u0101rsti, gan CPAP lietot\u0101ji.\" \/>\n<meta name=\"robots\" content=\"noindex, follow, max-snippet:-1, max-image-preview:large, max-video-preview:-1\" \/>\n<meta property=\"og:locale\" content=\"en_US\" \/>\n<meta property=\"og:type\" content=\"article\" \/>\n<meta property=\"og:title\" content=\"ResMed N20 deguna maska - Hipnos\" \/>\n<meta property=\"og:description\" content=\"Maska paredz\u0113ta lieto\u0161anai ar jebkura ra\u017eot\u0101ja CPAP, APAP un BiLevel iek\u0101rtu. Maska ir izstr\u0101d\u0101ta t\u0101, ka tai nav pieres balsta, kas iek\u0101rtas lieto\u0161anu padara \u0113rt\u0101ku. Piem\u0113rota pacientiem, kas n\u0113sa brilles un gu\u013c uz s\u0101na. Klasisks dizains, kam uzticas gan miega \u0101rsti, gan CPAP lietot\u0101ji.\" \/>\n<meta property=\"og:url\" content=\"https:\/\/hipnos.lv\/en\/product\/resmed20\/\" \/>\n<meta property=\"og:site_name\" content=\"Hipnos\" \/>\n<meta property=\"article:modified_time\" content=\"2026-02-06T13:58:58+00:00\" \/>\n<meta property=\"og:image\" content=\"https:\/\/hipnos.lv\/wp-content\/uploads\/2025\/06\/bildes-maska-3.jpg\" \/>\n\t<meta property=\"og:image:width\" content=\"1024\" \/>\n\t<meta property=\"og:image:height\" content=\"741\" \/>\n\t<meta property=\"og:image:type\" content=\"image\/jpeg\" \/>\n<meta name=\"twitter:card\" content=\"summary_large_image\" \/>\n<meta name=\"twitter:label1\" content=\"Est. reading time\" \/>\n\t<meta name=\"twitter:data1\" content=\"1 minute\" \/>\n<script type=\"application\/ld+json\" class=\"yoast-schema-graph\">{\"@context\":\"https:\/\/schema.org\",\"@graph\":[{\"@type\":\"WebPage\",\"@id\":\"https:\/\/hipnos.lv\/en\/product\/resmed20\/\",\"url\":\"https:\/\/hipnos.lv\/en\/product\/resmed20\/\",\"name\":\"ResMed N20 deguna maska - Hipnos\",\"isPartOf\":{\"@id\":\"https:\/\/hipnos.lv\/en\/#website\"},\"primaryImageOfPage\":{\"@id\":\"https:\/\/hipnos.lv\/en\/product\/resmed20\/#primaryimage\"},\"image\":{\"@id\":\"https:\/\/hipnos.lv\/en\/product\/resmed20\/#primaryimage\"},\"thumbnailUrl\":\"https:\/\/hipnos.lv\/wp-content\/uploads\/2025\/06\/bildes-maska-3.jpg\",\"datePublished\":\"2025-06-03T07:26:41+00:00\",\"dateModified\":\"2026-02-06T13:58:58+00:00\",\"description\":\"Maska paredz\u0113ta lieto\u0161anai ar jebkura ra\u017eot\u0101ja CPAP, APAP un BiLevel iek\u0101rtu. Maska ir izstr\u0101d\u0101ta t\u0101, ka tai nav pieres balsta, kas iek\u0101rtas lieto\u0161anu padara \u0113rt\u0101ku. Piem\u0113rota pacientiem, kas n\u0113sa brilles un gu\u013c uz s\u0101na. Klasisks dizains, kam uzticas gan miega \u0101rsti, gan CPAP lietot\u0101ji.\",\"breadcrumb\":{\"@id\":\"https:\/\/hipnos.lv\/en\/product\/resmed20\/#breadcrumb\"},\"inLanguage\":\"en-US\",\"potentialAction\":[{\"@type\":\"ReadAction\",\"target\":[\"https:\/\/hipnos.lv\/en\/product\/resmed20\/\"]}]},{\"@type\":\"ImageObject\",\"inLanguage\":\"en-US\",\"@id\":\"https:\/\/hipnos.lv\/en\/product\/resmed20\/#primaryimage\",\"url\":\"https:\/\/hipnos.lv\/wp-content\/uploads\/2025\/06\/bildes-maska-3.jpg\",\"contentUrl\":\"https:\/\/hipnos.lv\/wp-content\/uploads\/2025\/06\/bildes-maska-3.jpg\",\"width\":1024,\"height\":741},{\"@type\":\"BreadcrumbList\",\"@id\":\"https:\/\/hipnos.lv\/en\/product\/resmed20\/#breadcrumb\",\"itemListElement\":[{\"@type\":\"ListItem\",\"position\":1,\"name\":\"S\u0101kums\",\"item\":\"https:\/\/hipnos.lv\/en\/\"},{\"@type\":\"ListItem\",\"position\":2,\"name\":\"E\u2010Shop\",\"item\":\"https:\/\/hipnos.lv\/en\/shop\/\"},{\"@type\":\"ListItem\",\"position\":3,\"name\":\"ResMed N20 deguna maska\"}]},{\"@type\":\"WebSite\",\"@id\":\"https:\/\/hipnos.lv\/en\/#website\",\"url\":\"https:\/\/hipnos.lv\/en\/\",\"name\":\"Hipnos\",\"description\":\"\",\"potentialAction\":[{\"@type\":\"SearchAction\",\"target\":{\"@type\":\"EntryPoint\",\"urlTemplate\":\"https:\/\/hipnos.lv\/en\/?s={search_term_string}\"},\"query-input\":{\"@type\":\"PropertyValueSpecification\",\"valueRequired\":true,\"valueName\":\"search_term_string\"}}],\"inLanguage\":\"en-US\"}]}<\/script>\n<!-- \/ Yoast SEO plugin. -->","yoast_head_json":{"title":"ResMed N20 deguna maska - Hipnos","description":"Maska paredz\u0113ta lieto\u0161anai ar jebkura ra\u017eot\u0101ja CPAP, APAP un BiLevel iek\u0101rtu. Maska ir izstr\u0101d\u0101ta t\u0101, ka tai nav pieres balsta, kas iek\u0101rtas lieto\u0161anu padara \u0113rt\u0101ku. Piem\u0113rota pacientiem, kas n\u0113sa brilles un gu\u013c uz s\u0101na. Klasisks dizains, kam uzticas gan miega \u0101rsti, gan CPAP lietot\u0101ji.","robots":{"index":"noindex","follow":"follow","max-snippet":"max-snippet:-1","max-image-preview":"max-image-preview:large","max-video-preview":"max-video-preview:-1"},"og_locale":"en_US","og_type":"article","og_title":"ResMed N20 deguna maska - Hipnos","og_description":"Maska paredz\u0113ta lieto\u0161anai ar jebkura ra\u017eot\u0101ja CPAP, APAP un BiLevel iek\u0101rtu. Maska ir izstr\u0101d\u0101ta t\u0101, ka tai nav pieres balsta, kas iek\u0101rtas lieto\u0161anu padara \u0113rt\u0101ku. Piem\u0113rota pacientiem, kas n\u0113sa brilles un gu\u013c uz s\u0101na. Klasisks dizains, kam uzticas gan miega \u0101rsti, gan CPAP lietot\u0101ji.","og_url":"https:\/\/hipnos.lv\/en\/product\/resmed20\/","og_site_name":"Hipnos","article_modified_time":"2026-02-06T13:58:58+00:00","og_image":[{"width":1024,"height":741,"url":"https:\/\/hipnos.lv\/wp-content\/uploads\/2025\/06\/bildes-maska-3.jpg","type":"image\/jpeg"}],"twitter_card":"summary_large_image","twitter_misc":{"Est. reading time":"1 minute"},"schema":{"@context":"https:\/\/schema.org","@graph":[{"@type":"WebPage","@id":"https:\/\/hipnos.lv\/en\/product\/resmed20\/","url":"https:\/\/hipnos.lv\/en\/product\/resmed20\/","name":"ResMed N20 deguna maska - Hipnos","isPartOf":{"@id":"https:\/\/hipnos.lv\/en\/#website"},"primaryImageOfPage":{"@id":"https:\/\/hipnos.lv\/en\/product\/resmed20\/#primaryimage"},"image":{"@id":"https:\/\/hipnos.lv\/en\/product\/resmed20\/#primaryimage"},"thumbnailUrl":"https:\/\/hipnos.lv\/wp-content\/uploads\/2025\/06\/bildes-maska-3.jpg","datePublished":"2025-06-03T07:26:41+00:00","dateModified":"2026-02-06T13:58:58+00:00","description":"Maska paredz\u0113ta lieto\u0161anai ar jebkura ra\u017eot\u0101ja CPAP, APAP un BiLevel iek\u0101rtu. Maska ir izstr\u0101d\u0101ta t\u0101, ka tai nav pieres balsta, kas iek\u0101rtas lieto\u0161anu padara \u0113rt\u0101ku. Piem\u0113rota pacientiem, kas n\u0113sa brilles un gu\u013c uz s\u0101na. Klasisks dizains, kam uzticas gan miega \u0101rsti, gan CPAP lietot\u0101ji.","breadcrumb":{"@id":"https:\/\/hipnos.lv\/en\/product\/resmed20\/#breadcrumb"},"inLanguage":"en-US","potentialAction":[{"@type":"ReadAction","target":["https:\/\/hipnos.lv\/en\/product\/resmed20\/"]}]},{"@type":"ImageObject","inLanguage":"en-US","@id":"https:\/\/hipnos.lv\/en\/product\/resmed20\/#primaryimage","url":"https:\/\/hipnos.lv\/wp-content\/uploads\/2025\/06\/bildes-maska-3.jpg","contentUrl":"https:\/\/hipnos.lv\/wp-content\/uploads\/2025\/06\/bildes-maska-3.jpg","width":1024,"height":741},{"@type":"BreadcrumbList","@id":"https:\/\/hipnos.lv\/en\/product\/resmed20\/#breadcrumb","itemListElement":[{"@type":"ListItem","position":1,"name":"S\u0101kums","item":"https:\/\/hipnos.lv\/en\/"},{"@type":"ListItem","position":2,"name":"E\u2010Shop","item":"https:\/\/hipnos.lv\/en\/shop\/"},{"@type":"ListItem","position":3,"name":"ResMed N20 deguna maska"}]},{"@type":"WebSite","@id":"https:\/\/hipnos.lv\/en\/#website","url":"https:\/\/hipnos.lv\/en\/","name":"Hipnos","description":"","potentialAction":[{"@type":"SearchAction","target":{"@type":"EntryPoint","urlTemplate":"https:\/\/hipnos.lv\/en\/?s={search_term_string}"},"query-input":{"@type":"PropertyValueSpecification","valueRequired":true,"valueName":"search_term_string"}}],"inLanguage":"en-US"}]}},"_links":{"self":[{"href":"https:\/\/hipnos.lv\/en\/wp-json\/wp\/v2\/product\/1135","targetHints":{"allow":["GET"]}}],"collection":[{"href":"https:\/\/hipnos.lv\/en\/wp-json\/wp\/v2\/product"}],"about":[{"href":"https:\/\/hipnos.lv\/en\/wp-json\/wp\/v2\/types\/product"}],"replies":[{"embeddable":true,"href":"https:\/\/hipnos.lv\/en\/wp-json\/wp\/v2\/comments?post=1135"}],"wp:featuredmedia":[{"embeddable":true,"href":"https:\/\/hipnos.lv\/en\/wp-json\/wp\/v2\/media\/1136"}],"wp:attachment":[{"href":"https:\/\/hipnos.lv\/en\/wp-json\/wp\/v2\/media?parent=1135"}],"wp:term":[{"taxonomy":"product_brand","embeddable":true,"href":"https:\/\/hipnos.lv\/en\/wp-json\/wp\/v2\/product_brand?post=1135"},{"taxonomy":"product_cat","embeddable":true,"href":"https:\/\/hipnos.lv\/en\/wp-json\/wp\/v2\/product_cat?post=1135"},{"taxonomy":"product_tag","embeddable":true,"href":"https:\/\/hipnos.lv\/en\/wp-json\/wp\/v2\/product_tag?post=1135"}],"curies":[{"name":"wp","href":"https:\/\/api.w.org\/{rel}","templated":true}]}}