{"id":1130,"date":"2025-06-03T06:34:57","date_gmt":"2025-06-03T06:34:57","guid":{"rendered":"https:\/\/hipnos.lv\/?post_type=product&#038;p=1130"},"modified":"2025-12-05T12:22:56","modified_gmt":"2025-12-05T12:22:56","slug":"lowenstein-medical-cara","status":"publish","type":"product","link":"https:\/\/hipnos.lv\/en\/product\/lowenstein-medical-cara\/","title":{"rendered":"Lowenstein medical CARA deguna maska"},"content":{"rendered":"<p>CARA&#8221;Guli cie\u0161i.&#8221;<\/p>\n<p>CARA, m\u016bsu popul\u0101r\u0101k\u0101 m\u0101jas apr\u016bpes deguna maska. Viegls dizains, prec\u012bzs un maigi piegu\u013co\u0161s maskas spilvens, neliela, klusa un izklied\u0113ta izelpas sist\u0113ma, labas regul\u0113\u0161anas iesp\u0113jas un citas p\u0101rdom\u0101tas deta\u013cas. Maz\u0101ks deta\u013cu skaits vienk\u0101r\u0161o lieto\u0161anu, samazina kop\u0113jo svaru un pal\u012bdz videi, samazinot materi\u0101lu ra\u017eo\u0161anu un utiliz\u0113\u0161anu.<\/p>\n<p>CARA XS komplekt\u0101cij\u0101 ietilpst ar\u012b XS galvas stiprin\u0101jums papildus mazajam maskas spilvenam.<\/p>\n","protected":false},"excerpt":{"rendered":"<p>CARA&#8221;Guli cie\u0161i.&#8221;<\/p>\n<p>CARA, m\u016bsu popul\u0101r\u0101k\u0101 m\u0101jas apr\u016bpes deguna maska. Viegls dizains, prec\u012bzs un maigi piegu\u013co\u0161s maskas spilvens, neliela, klusa un izklied\u0113ta izelpas sist\u0113ma, labas regul\u0113\u0161anas iesp\u0113jas un citas p\u0101rdom\u0101tas deta\u013cas.<\/p>\n","protected":false},"featured_media":1131,"comment_status":"open","ping_status":"closed","template":"","meta":{"_acf_changed":false,"inline_featured_image":false},"product_brand":[],"product_cat":[88],"product_tag":[],"class_list":{"0":"post-1130","1":"product","2":"type-product","3":"status-publish","4":"has-post-thumbnail","6":"product_cat-deguna-maskas","8":"first","9":"instock","10":"shipping-taxable","11":"purchasable","12":"product-type-variable"},"acf":[],"yoast_head":"<!-- This site is optimized with the Yoast SEO plugin v27.0 - https:\/\/yoast.com\/product\/yoast-seo-wordpress\/ -->\n<title>Lowenstein medical CARA deguna maska - Hipnos<\/title>\n<meta name=\"description\" content=\"CARA, m\u016bsu popul\u0101r\u0101k\u0101 m\u0101jas apr\u016bpes deguna maska. Viegls dizains, prec\u012bzs un maigi piegu\u013co\u0161s maskas spilvens, neliela, klusa un izklied\u0113ta izelpas sist\u0113ma, labas regul\u0113\u0161anas iesp\u0113jas un citas p\u0101rdom\u0101tas deta\u013cas. Maz\u0101ks deta\u013cu skaits vienk\u0101r\u0161o lieto\u0161anu, samazina kop\u0113jo svaru un pal\u012bdz videi, samazinot materi\u0101lu ra\u017eo\u0161anu un utiliz\u0113\u0161anu. CARA XS komplekt\u0101cij\u0101 ietilpst ar\u012b XS galvas stiprin\u0101jums papildus mazajam maskas spilvenam.\" \/>\n<meta name=\"robots\" content=\"noindex, follow, max-snippet:-1, max-image-preview:large, max-video-preview:-1\" \/>\n<meta property=\"og:locale\" content=\"en_US\" \/>\n<meta property=\"og:type\" content=\"article\" \/>\n<meta property=\"og:title\" content=\"Lowenstein medical CARA deguna maska - Hipnos\" \/>\n<meta property=\"og:description\" content=\"CARA, m\u016bsu popul\u0101r\u0101k\u0101 m\u0101jas apr\u016bpes deguna maska. Viegls dizains, prec\u012bzs un maigi piegu\u013co\u0161s maskas spilvens, neliela, klusa un izklied\u0113ta izelpas sist\u0113ma, labas regul\u0113\u0161anas iesp\u0113jas un citas p\u0101rdom\u0101tas deta\u013cas. Maz\u0101ks deta\u013cu skaits vienk\u0101r\u0161o lieto\u0161anu, samazina kop\u0113jo svaru un pal\u012bdz videi, samazinot materi\u0101lu ra\u017eo\u0161anu un utiliz\u0113\u0161anu. CARA XS komplekt\u0101cij\u0101 ietilpst ar\u012b XS galvas stiprin\u0101jums papildus mazajam maskas spilvenam.\" \/>\n<meta property=\"og:url\" content=\"https:\/\/hipnos.lv\/en\/product\/lowenstein-medical-cara\/\" \/>\n<meta property=\"og:site_name\" content=\"Hipnos\" \/>\n<meta property=\"article:modified_time\" content=\"2025-12-05T12:22:56+00:00\" \/>\n<meta property=\"og:image\" content=\"https:\/\/hipnos.lv\/wp-content\/uploads\/2025\/06\/csm_cara-mask-patient-interface-nasal-right_41bee39784.webp\" \/>\n\t<meta property=\"og:image:width\" content=\"2000\" \/>\n\t<meta property=\"og:image:height\" content=\"2000\" \/>\n\t<meta property=\"og:image:type\" content=\"image\/webp\" \/>\n<meta name=\"twitter:card\" content=\"summary_large_image\" \/>\n<meta name=\"twitter:label1\" content=\"Est. reading time\" \/>\n\t<meta name=\"twitter:data1\" content=\"1 minute\" \/>\n<script type=\"application\/ld+json\" class=\"yoast-schema-graph\">{\"@context\":\"https:\/\/schema.org\",\"@graph\":[{\"@type\":\"WebPage\",\"@id\":\"https:\/\/hipnos.lv\/en\/product\/lowenstein-medical-cara\/\",\"url\":\"https:\/\/hipnos.lv\/en\/product\/lowenstein-medical-cara\/\",\"name\":\"Lowenstein medical CARA deguna maska - Hipnos\",\"isPartOf\":{\"@id\":\"https:\/\/hipnos.lv\/en\/#website\"},\"primaryImageOfPage\":{\"@id\":\"https:\/\/hipnos.lv\/en\/product\/lowenstein-medical-cara\/#primaryimage\"},\"image\":{\"@id\":\"https:\/\/hipnos.lv\/en\/product\/lowenstein-medical-cara\/#primaryimage\"},\"thumbnailUrl\":\"https:\/\/hipnos.lv\/wp-content\/uploads\/2025\/06\/csm_cara-mask-patient-interface-nasal-right_41bee39784.webp\",\"datePublished\":\"2025-06-03T06:34:57+00:00\",\"dateModified\":\"2025-12-05T12:22:56+00:00\",\"description\":\"CARA, m\u016bsu popul\u0101r\u0101k\u0101 m\u0101jas apr\u016bpes deguna maska. Viegls dizains, prec\u012bzs un maigi piegu\u013co\u0161s maskas spilvens, neliela, klusa un izklied\u0113ta izelpas sist\u0113ma, labas regul\u0113\u0161anas iesp\u0113jas un citas p\u0101rdom\u0101tas deta\u013cas. Maz\u0101ks deta\u013cu skaits vienk\u0101r\u0161o lieto\u0161anu, samazina kop\u0113jo svaru un pal\u012bdz videi, samazinot materi\u0101lu ra\u017eo\u0161anu un utiliz\u0113\u0161anu. CARA XS komplekt\u0101cij\u0101 ietilpst ar\u012b XS galvas stiprin\u0101jums papildus mazajam maskas spilvenam.\",\"breadcrumb\":{\"@id\":\"https:\/\/hipnos.lv\/en\/product\/lowenstein-medical-cara\/#breadcrumb\"},\"inLanguage\":\"en-US\",\"potentialAction\":[{\"@type\":\"ReadAction\",\"target\":[\"https:\/\/hipnos.lv\/en\/product\/lowenstein-medical-cara\/\"]}]},{\"@type\":\"ImageObject\",\"inLanguage\":\"en-US\",\"@id\":\"https:\/\/hipnos.lv\/en\/product\/lowenstein-medical-cara\/#primaryimage\",\"url\":\"https:\/\/hipnos.lv\/wp-content\/uploads\/2025\/06\/csm_cara-mask-patient-interface-nasal-right_41bee39784.webp\",\"contentUrl\":\"https:\/\/hipnos.lv\/wp-content\/uploads\/2025\/06\/csm_cara-mask-patient-interface-nasal-right_41bee39784.webp\",\"width\":2000,\"height\":2000},{\"@type\":\"BreadcrumbList\",\"@id\":\"https:\/\/hipnos.lv\/en\/product\/lowenstein-medical-cara\/#breadcrumb\",\"itemListElement\":[{\"@type\":\"ListItem\",\"position\":1,\"name\":\"S\u0101kums\",\"item\":\"https:\/\/hipnos.lv\/en\/\"},{\"@type\":\"ListItem\",\"position\":2,\"name\":\"E\u2010Shop\",\"item\":\"https:\/\/hipnos.lv\/en\/shop\/\"},{\"@type\":\"ListItem\",\"position\":3,\"name\":\"Lowenstein medical CARA deguna maska\"}]},{\"@type\":\"WebSite\",\"@id\":\"https:\/\/hipnos.lv\/en\/#website\",\"url\":\"https:\/\/hipnos.lv\/en\/\",\"name\":\"Hipnos\",\"description\":\"\",\"potentialAction\":[{\"@type\":\"SearchAction\",\"target\":{\"@type\":\"EntryPoint\",\"urlTemplate\":\"https:\/\/hipnos.lv\/en\/?s={search_term_string}\"},\"query-input\":{\"@type\":\"PropertyValueSpecification\",\"valueRequired\":true,\"valueName\":\"search_term_string\"}}],\"inLanguage\":\"en-US\"}]}<\/script>\n<!-- \/ Yoast SEO plugin. -->","yoast_head_json":{"title":"Lowenstein medical CARA deguna maska - Hipnos","description":"CARA, m\u016bsu popul\u0101r\u0101k\u0101 m\u0101jas apr\u016bpes deguna maska. Viegls dizains, prec\u012bzs un maigi piegu\u013co\u0161s maskas spilvens, neliela, klusa un izklied\u0113ta izelpas sist\u0113ma, labas regul\u0113\u0161anas iesp\u0113jas un citas p\u0101rdom\u0101tas deta\u013cas. Maz\u0101ks deta\u013cu skaits vienk\u0101r\u0161o lieto\u0161anu, samazina kop\u0113jo svaru un pal\u012bdz videi, samazinot materi\u0101lu ra\u017eo\u0161anu un utiliz\u0113\u0161anu. CARA XS komplekt\u0101cij\u0101 ietilpst ar\u012b XS galvas stiprin\u0101jums papildus mazajam maskas spilvenam.","robots":{"index":"noindex","follow":"follow","max-snippet":"max-snippet:-1","max-image-preview":"max-image-preview:large","max-video-preview":"max-video-preview:-1"},"og_locale":"en_US","og_type":"article","og_title":"Lowenstein medical CARA deguna maska - Hipnos","og_description":"CARA, m\u016bsu popul\u0101r\u0101k\u0101 m\u0101jas apr\u016bpes deguna maska. Viegls dizains, prec\u012bzs un maigi piegu\u013co\u0161s maskas spilvens, neliela, klusa un izklied\u0113ta izelpas sist\u0113ma, labas regul\u0113\u0161anas iesp\u0113jas un citas p\u0101rdom\u0101tas deta\u013cas. Maz\u0101ks deta\u013cu skaits vienk\u0101r\u0161o lieto\u0161anu, samazina kop\u0113jo svaru un pal\u012bdz videi, samazinot materi\u0101lu ra\u017eo\u0161anu un utiliz\u0113\u0161anu. CARA XS komplekt\u0101cij\u0101 ietilpst ar\u012b XS galvas stiprin\u0101jums papildus mazajam maskas spilvenam.","og_url":"https:\/\/hipnos.lv\/en\/product\/lowenstein-medical-cara\/","og_site_name":"Hipnos","article_modified_time":"2025-12-05T12:22:56+00:00","og_image":[{"width":2000,"height":2000,"url":"https:\/\/hipnos.lv\/wp-content\/uploads\/2025\/06\/csm_cara-mask-patient-interface-nasal-right_41bee39784.webp","type":"image\/webp"}],"twitter_card":"summary_large_image","twitter_misc":{"Est. reading time":"1 minute"},"schema":{"@context":"https:\/\/schema.org","@graph":[{"@type":"WebPage","@id":"https:\/\/hipnos.lv\/en\/product\/lowenstein-medical-cara\/","url":"https:\/\/hipnos.lv\/en\/product\/lowenstein-medical-cara\/","name":"Lowenstein medical CARA deguna maska - Hipnos","isPartOf":{"@id":"https:\/\/hipnos.lv\/en\/#website"},"primaryImageOfPage":{"@id":"https:\/\/hipnos.lv\/en\/product\/lowenstein-medical-cara\/#primaryimage"},"image":{"@id":"https:\/\/hipnos.lv\/en\/product\/lowenstein-medical-cara\/#primaryimage"},"thumbnailUrl":"https:\/\/hipnos.lv\/wp-content\/uploads\/2025\/06\/csm_cara-mask-patient-interface-nasal-right_41bee39784.webp","datePublished":"2025-06-03T06:34:57+00:00","dateModified":"2025-12-05T12:22:56+00:00","description":"CARA, m\u016bsu popul\u0101r\u0101k\u0101 m\u0101jas apr\u016bpes deguna maska. Viegls dizains, prec\u012bzs un maigi piegu\u013co\u0161s maskas spilvens, neliela, klusa un izklied\u0113ta izelpas sist\u0113ma, labas regul\u0113\u0161anas iesp\u0113jas un citas p\u0101rdom\u0101tas deta\u013cas. Maz\u0101ks deta\u013cu skaits vienk\u0101r\u0161o lieto\u0161anu, samazina kop\u0113jo svaru un pal\u012bdz videi, samazinot materi\u0101lu ra\u017eo\u0161anu un utiliz\u0113\u0161anu. CARA XS komplekt\u0101cij\u0101 ietilpst ar\u012b XS galvas stiprin\u0101jums papildus mazajam maskas spilvenam.","breadcrumb":{"@id":"https:\/\/hipnos.lv\/en\/product\/lowenstein-medical-cara\/#breadcrumb"},"inLanguage":"en-US","potentialAction":[{"@type":"ReadAction","target":["https:\/\/hipnos.lv\/en\/product\/lowenstein-medical-cara\/"]}]},{"@type":"ImageObject","inLanguage":"en-US","@id":"https:\/\/hipnos.lv\/en\/product\/lowenstein-medical-cara\/#primaryimage","url":"https:\/\/hipnos.lv\/wp-content\/uploads\/2025\/06\/csm_cara-mask-patient-interface-nasal-right_41bee39784.webp","contentUrl":"https:\/\/hipnos.lv\/wp-content\/uploads\/2025\/06\/csm_cara-mask-patient-interface-nasal-right_41bee39784.webp","width":2000,"height":2000},{"@type":"BreadcrumbList","@id":"https:\/\/hipnos.lv\/en\/product\/lowenstein-medical-cara\/#breadcrumb","itemListElement":[{"@type":"ListItem","position":1,"name":"S\u0101kums","item":"https:\/\/hipnos.lv\/en\/"},{"@type":"ListItem","position":2,"name":"E\u2010Shop","item":"https:\/\/hipnos.lv\/en\/shop\/"},{"@type":"ListItem","position":3,"name":"Lowenstein medical CARA deguna maska"}]},{"@type":"WebSite","@id":"https:\/\/hipnos.lv\/en\/#website","url":"https:\/\/hipnos.lv\/en\/","name":"Hipnos","description":"","potentialAction":[{"@type":"SearchAction","target":{"@type":"EntryPoint","urlTemplate":"https:\/\/hipnos.lv\/en\/?s={search_term_string}"},"query-input":{"@type":"PropertyValueSpecification","valueRequired":true,"valueName":"search_term_string"}}],"inLanguage":"en-US"}]}},"_links":{"self":[{"href":"https:\/\/hipnos.lv\/en\/wp-json\/wp\/v2\/product\/1130","targetHints":{"allow":["GET"]}}],"collection":[{"href":"https:\/\/hipnos.lv\/en\/wp-json\/wp\/v2\/product"}],"about":[{"href":"https:\/\/hipnos.lv\/en\/wp-json\/wp\/v2\/types\/product"}],"replies":[{"embeddable":true,"href":"https:\/\/hipnos.lv\/en\/wp-json\/wp\/v2\/comments?post=1130"}],"wp:featuredmedia":[{"embeddable":true,"href":"https:\/\/hipnos.lv\/en\/wp-json\/wp\/v2\/media\/1131"}],"wp:attachment":[{"href":"https:\/\/hipnos.lv\/en\/wp-json\/wp\/v2\/media?parent=1130"}],"wp:term":[{"taxonomy":"product_brand","embeddable":true,"href":"https:\/\/hipnos.lv\/en\/wp-json\/wp\/v2\/product_brand?post=1130"},{"taxonomy":"product_cat","embeddable":true,"href":"https:\/\/hipnos.lv\/en\/wp-json\/wp\/v2\/product_cat?post=1130"},{"taxonomy":"product_tag","embeddable":true,"href":"https:\/\/hipnos.lv\/en\/wp-json\/wp\/v2\/product_tag?post=1130"}],"curies":[{"name":"wp","href":"https:\/\/api.w.org\/{rel}","templated":true}]}}