{"id":1088,"date":"2025-05-27T12:28:29","date_gmt":"2025-05-27T12:28:29","guid":{"rendered":"https:\/\/hipnos.lv\/?post_type=product&#038;p=1088"},"modified":"2025-12-12T08:23:49","modified_gmt":"2025-12-12T08:23:49","slug":"lowenstein-medical-joyce-one-deguna-maska","status":"publish","type":"product","link":"https:\/\/hipnos.lv\/en\/product\/lowenstein-medical-joyce-one-deguna-maska\/","title":{"rendered":"Lowenstein medical Joyce One deguna maska"},"content":{"rendered":"<header class=\"header-h1\">\n<h2 class=\"subheader h2\">Time-saving and custom-fit.<\/h2>\n<\/header>\n<p>Do you need a nasal mask with forehead support that can be adjusted quickly and efficiently? With JOYCEone, we offer you the breathing mask in a size that fits almost every time. Decades of mask expertise make it possible. Do you take care of sleep apnea patients at home? Use JOYCEone, as you can almost always manage with just one size.<\/p>\n<p>&nbsp;<\/p>\n","protected":false},"excerpt":{"rendered":"<h2 class=\"h3\">The benefits of JOYCEone.<\/h2>\n<p>Our internationally successful nasal mask ensures a reliable and completely secure fit for most patients with just one universal size. This is made possible by the specially designed mask cushion and the innovative, spring-loaded forehead support. The proven ball-and-socket joint prevents unwanted leverage from the therapy tube. Like all masks from L\u00f6wenstein Medical, the expiratory sound of JOYCEone is very quiet.<\/p>\n","protected":false},"featured_media":1121,"comment_status":"open","ping_status":"closed","template":"","meta":{"_acf_changed":false,"inline_featured_image":false},"product_brand":[],"product_cat":[110],"product_tag":[74],"class_list":{"0":"post-1088","1":"product","2":"type-product","3":"status-publish","4":"has-post-thumbnail","6":"product_cat-deguna-maskas-en","7":"product_tag-wm-25260-en","9":"first","10":"instock","11":"shipping-taxable","12":"purchasable","13":"product-type-simple"},"acf":[],"yoast_head":"<!-- This site is optimized with the Yoast SEO plugin v27.0 - https:\/\/yoast.com\/product\/yoast-seo-wordpress\/ -->\n<title>Lowenstein medical Joyce One deguna maska - Hipnos<\/title>\n<meta name=\"description\" content=\"Maska paredz\u0113ta lieto\u0161anai ar jebkura ra\u017eot\u0101ja CPAP, APAP un BiLevel iek\u0101rtu. Jaun\u0101\u00a0JoyceOne\u00a0ir pirm\u0101 viena izm\u0113ra maska.\u00a0Jums vairs nav nepiecie\u0161am\u012bbas mekl\u0113t pareiz\u0101 izm\u0113ra masku, jo\u00a0JoyceOne\u00a0piem\u0113rojas jebkurai sejas formai. Maskas sejas un pieres gumijas izstr\u0101d\u0101tas t\u0101, ka t\u0101s autom\u0101tiski piel\u0101gojas, padarot maskas regul\u0113\u0161anu daudz \u0113rt\u0101ku un vienk\u0101r\u0161\u0101ku. Gumijas SilkTec p\u0101rkl\u0101jums palielina n\u0113s\u0101\u0161anas komfortu. Stiprin\u0101juma klip\u0161i ir ar kr\u0101su indikatoriem, kas padara \u013coti \u0113rtu maskas salik\u0161anu p\u0113c t\u0101s mazg\u0101\u0161anas. Ilggad\u012bgie pacienti \u013coti nov\u0113rt\u0113 \u0161o iesp\u0113ju.\u00a0Maska sal\u012bdzin\u0101jum\u0101 ar citu ra\u017eot\u0101ju mask\u0101m ir visklus\u0101k\u0101, jo ir izstr\u0101d\u0101ta unik\u0101la izelpot\u0101 gaisa izpl\u016bdes sist\u0113ma. M\u016bsu klientu visiecien\u012bt\u0101k\u0101 deguna maska\" \/>\n<meta name=\"robots\" content=\"noindex, follow, max-snippet:-1, max-image-preview:large, max-video-preview:-1\" \/>\n<meta property=\"og:locale\" content=\"en_US\" \/>\n<meta property=\"og:type\" content=\"article\" \/>\n<meta property=\"og:title\" content=\"Lowenstein medical Joyce One deguna maska - Hipnos\" \/>\n<meta property=\"og:description\" content=\"Maska paredz\u0113ta lieto\u0161anai ar jebkura ra\u017eot\u0101ja CPAP, APAP un BiLevel iek\u0101rtu. Jaun\u0101\u00a0JoyceOne\u00a0ir pirm\u0101 viena izm\u0113ra maska.\u00a0Jums vairs nav nepiecie\u0161am\u012bbas mekl\u0113t pareiz\u0101 izm\u0113ra masku, jo\u00a0JoyceOne\u00a0piem\u0113rojas jebkurai sejas formai. Maskas sejas un pieres gumijas izstr\u0101d\u0101tas t\u0101, ka t\u0101s autom\u0101tiski piel\u0101gojas, padarot maskas regul\u0113\u0161anu daudz \u0113rt\u0101ku un vienk\u0101r\u0161\u0101ku. Gumijas SilkTec p\u0101rkl\u0101jums palielina n\u0113s\u0101\u0161anas komfortu. Stiprin\u0101juma klip\u0161i ir ar kr\u0101su indikatoriem, kas padara \u013coti \u0113rtu maskas salik\u0161anu p\u0113c t\u0101s mazg\u0101\u0161anas. Ilggad\u012bgie pacienti \u013coti nov\u0113rt\u0113 \u0161o iesp\u0113ju.\u00a0Maska sal\u012bdzin\u0101jum\u0101 ar citu ra\u017eot\u0101ju mask\u0101m ir visklus\u0101k\u0101, jo ir izstr\u0101d\u0101ta unik\u0101la izelpot\u0101 gaisa izpl\u016bdes sist\u0113ma. M\u016bsu klientu visiecien\u012bt\u0101k\u0101 deguna maska\" \/>\n<meta property=\"og:url\" content=\"https:\/\/hipnos.lv\/en\/product\/lowenstein-medical-joyce-one-deguna-maska\/\" \/>\n<meta property=\"og:site_name\" content=\"Hipnos\" \/>\n<meta property=\"article:modified_time\" content=\"2025-12-12T08:23:49+00:00\" \/>\n<meta property=\"og:image\" content=\"https:\/\/hipnos.lv\/wp-content\/uploads\/2025\/05\/c-2.jpg\" \/>\n\t<meta property=\"og:image:width\" content=\"2000\" \/>\n\t<meta property=\"og:image:height\" content=\"2000\" \/>\n\t<meta property=\"og:image:type\" content=\"image\/jpeg\" \/>\n<meta name=\"twitter:card\" content=\"summary_large_image\" \/>\n<meta name=\"twitter:label1\" content=\"Est. reading time\" \/>\n\t<meta name=\"twitter:data1\" content=\"1 minute\" \/>\n<script type=\"application\/ld+json\" class=\"yoast-schema-graph\">{\"@context\":\"https:\/\/schema.org\",\"@graph\":[{\"@type\":\"WebPage\",\"@id\":\"https:\/\/hipnos.lv\/en\/product\/lowenstein-medical-joyce-one-deguna-maska\/\",\"url\":\"https:\/\/hipnos.lv\/en\/product\/lowenstein-medical-joyce-one-deguna-maska\/\",\"name\":\"Lowenstein medical Joyce One deguna maska - Hipnos\",\"isPartOf\":{\"@id\":\"https:\/\/hipnos.lv\/en\/#website\"},\"primaryImageOfPage\":{\"@id\":\"https:\/\/hipnos.lv\/en\/product\/lowenstein-medical-joyce-one-deguna-maska\/#primaryimage\"},\"image\":{\"@id\":\"https:\/\/hipnos.lv\/en\/product\/lowenstein-medical-joyce-one-deguna-maska\/#primaryimage\"},\"thumbnailUrl\":\"https:\/\/hipnos.lv\/wp-content\/uploads\/2025\/05\/c-2.jpg\",\"datePublished\":\"2025-05-27T12:28:29+00:00\",\"dateModified\":\"2025-12-12T08:23:49+00:00\",\"description\":\"Maska paredz\u0113ta lieto\u0161anai ar jebkura ra\u017eot\u0101ja CPAP, APAP un BiLevel iek\u0101rtu. Jaun\u0101\u00a0JoyceOne\u00a0ir pirm\u0101 viena izm\u0113ra maska.\u00a0Jums vairs nav nepiecie\u0161am\u012bbas mekl\u0113t pareiz\u0101 izm\u0113ra masku, jo\u00a0JoyceOne\u00a0piem\u0113rojas jebkurai sejas formai. Maskas sejas un pieres gumijas izstr\u0101d\u0101tas t\u0101, ka t\u0101s autom\u0101tiski piel\u0101gojas, padarot maskas regul\u0113\u0161anu daudz \u0113rt\u0101ku un vienk\u0101r\u0161\u0101ku. Gumijas SilkTec p\u0101rkl\u0101jums palielina n\u0113s\u0101\u0161anas komfortu. Stiprin\u0101juma klip\u0161i ir ar kr\u0101su indikatoriem, kas padara \u013coti \u0113rtu maskas salik\u0161anu p\u0113c t\u0101s mazg\u0101\u0161anas. Ilggad\u012bgie pacienti \u013coti nov\u0113rt\u0113 \u0161o iesp\u0113ju.\u00a0Maska sal\u012bdzin\u0101jum\u0101 ar citu ra\u017eot\u0101ju mask\u0101m ir visklus\u0101k\u0101, jo ir izstr\u0101d\u0101ta unik\u0101la izelpot\u0101 gaisa izpl\u016bdes sist\u0113ma. M\u016bsu klientu visiecien\u012bt\u0101k\u0101 deguna maska\",\"breadcrumb\":{\"@id\":\"https:\/\/hipnos.lv\/en\/product\/lowenstein-medical-joyce-one-deguna-maska\/#breadcrumb\"},\"inLanguage\":\"en-US\",\"potentialAction\":[{\"@type\":\"ReadAction\",\"target\":[\"https:\/\/hipnos.lv\/en\/product\/lowenstein-medical-joyce-one-deguna-maska\/\"]}]},{\"@type\":\"ImageObject\",\"inLanguage\":\"en-US\",\"@id\":\"https:\/\/hipnos.lv\/en\/product\/lowenstein-medical-joyce-one-deguna-maska\/#primaryimage\",\"url\":\"https:\/\/hipnos.lv\/wp-content\/uploads\/2025\/05\/c-2.jpg\",\"contentUrl\":\"https:\/\/hipnos.lv\/wp-content\/uploads\/2025\/05\/c-2.jpg\",\"width\":2000,\"height\":2000},{\"@type\":\"BreadcrumbList\",\"@id\":\"https:\/\/hipnos.lv\/en\/product\/lowenstein-medical-joyce-one-deguna-maska\/#breadcrumb\",\"itemListElement\":[{\"@type\":\"ListItem\",\"position\":1,\"name\":\"S\u0101kums\",\"item\":\"https:\/\/hipnos.lv\/en\/\"},{\"@type\":\"ListItem\",\"position\":2,\"name\":\"E\u2010Shop\",\"item\":\"https:\/\/hipnos.lv\/en\/shop\/\"},{\"@type\":\"ListItem\",\"position\":3,\"name\":\"Lowenstein medical Joyce One deguna maska\"}]},{\"@type\":\"WebSite\",\"@id\":\"https:\/\/hipnos.lv\/en\/#website\",\"url\":\"https:\/\/hipnos.lv\/en\/\",\"name\":\"Hipnos\",\"description\":\"\",\"potentialAction\":[{\"@type\":\"SearchAction\",\"target\":{\"@type\":\"EntryPoint\",\"urlTemplate\":\"https:\/\/hipnos.lv\/en\/?s={search_term_string}\"},\"query-input\":{\"@type\":\"PropertyValueSpecification\",\"valueRequired\":true,\"valueName\":\"search_term_string\"}}],\"inLanguage\":\"en-US\"}]}<\/script>\n<!-- \/ Yoast SEO plugin. -->","yoast_head_json":{"title":"Lowenstein medical Joyce One deguna maska - Hipnos","description":"Maska paredz\u0113ta lieto\u0161anai ar jebkura ra\u017eot\u0101ja CPAP, APAP un BiLevel iek\u0101rtu. Jaun\u0101\u00a0JoyceOne\u00a0ir pirm\u0101 viena izm\u0113ra maska.\u00a0Jums vairs nav nepiecie\u0161am\u012bbas mekl\u0113t pareiz\u0101 izm\u0113ra masku, jo\u00a0JoyceOne\u00a0piem\u0113rojas jebkurai sejas formai. Maskas sejas un pieres gumijas izstr\u0101d\u0101tas t\u0101, ka t\u0101s autom\u0101tiski piel\u0101gojas, padarot maskas regul\u0113\u0161anu daudz \u0113rt\u0101ku un vienk\u0101r\u0161\u0101ku. Gumijas SilkTec p\u0101rkl\u0101jums palielina n\u0113s\u0101\u0161anas komfortu. Stiprin\u0101juma klip\u0161i ir ar kr\u0101su indikatoriem, kas padara \u013coti \u0113rtu maskas salik\u0161anu p\u0113c t\u0101s mazg\u0101\u0161anas. Ilggad\u012bgie pacienti \u013coti nov\u0113rt\u0113 \u0161o iesp\u0113ju.\u00a0Maska sal\u012bdzin\u0101jum\u0101 ar citu ra\u017eot\u0101ju mask\u0101m ir visklus\u0101k\u0101, jo ir izstr\u0101d\u0101ta unik\u0101la izelpot\u0101 gaisa izpl\u016bdes sist\u0113ma. M\u016bsu klientu visiecien\u012bt\u0101k\u0101 deguna maska","robots":{"index":"noindex","follow":"follow","max-snippet":"max-snippet:-1","max-image-preview":"max-image-preview:large","max-video-preview":"max-video-preview:-1"},"og_locale":"en_US","og_type":"article","og_title":"Lowenstein medical Joyce One deguna maska - Hipnos","og_description":"Maska paredz\u0113ta lieto\u0161anai ar jebkura ra\u017eot\u0101ja CPAP, APAP un BiLevel iek\u0101rtu. Jaun\u0101\u00a0JoyceOne\u00a0ir pirm\u0101 viena izm\u0113ra maska.\u00a0Jums vairs nav nepiecie\u0161am\u012bbas mekl\u0113t pareiz\u0101 izm\u0113ra masku, jo\u00a0JoyceOne\u00a0piem\u0113rojas jebkurai sejas formai. Maskas sejas un pieres gumijas izstr\u0101d\u0101tas t\u0101, ka t\u0101s autom\u0101tiski piel\u0101gojas, padarot maskas regul\u0113\u0161anu daudz \u0113rt\u0101ku un vienk\u0101r\u0161\u0101ku. Gumijas SilkTec p\u0101rkl\u0101jums palielina n\u0113s\u0101\u0161anas komfortu. Stiprin\u0101juma klip\u0161i ir ar kr\u0101su indikatoriem, kas padara \u013coti \u0113rtu maskas salik\u0161anu p\u0113c t\u0101s mazg\u0101\u0161anas. Ilggad\u012bgie pacienti \u013coti nov\u0113rt\u0113 \u0161o iesp\u0113ju.\u00a0Maska sal\u012bdzin\u0101jum\u0101 ar citu ra\u017eot\u0101ju mask\u0101m ir visklus\u0101k\u0101, jo ir izstr\u0101d\u0101ta unik\u0101la izelpot\u0101 gaisa izpl\u016bdes sist\u0113ma. M\u016bsu klientu visiecien\u012bt\u0101k\u0101 deguna maska","og_url":"https:\/\/hipnos.lv\/en\/product\/lowenstein-medical-joyce-one-deguna-maska\/","og_site_name":"Hipnos","article_modified_time":"2025-12-12T08:23:49+00:00","og_image":[{"width":2000,"height":2000,"url":"https:\/\/hipnos.lv\/wp-content\/uploads\/2025\/05\/c-2.jpg","type":"image\/jpeg"}],"twitter_card":"summary_large_image","twitter_misc":{"Est. reading time":"1 minute"},"schema":{"@context":"https:\/\/schema.org","@graph":[{"@type":"WebPage","@id":"https:\/\/hipnos.lv\/en\/product\/lowenstein-medical-joyce-one-deguna-maska\/","url":"https:\/\/hipnos.lv\/en\/product\/lowenstein-medical-joyce-one-deguna-maska\/","name":"Lowenstein medical Joyce One deguna maska - Hipnos","isPartOf":{"@id":"https:\/\/hipnos.lv\/en\/#website"},"primaryImageOfPage":{"@id":"https:\/\/hipnos.lv\/en\/product\/lowenstein-medical-joyce-one-deguna-maska\/#primaryimage"},"image":{"@id":"https:\/\/hipnos.lv\/en\/product\/lowenstein-medical-joyce-one-deguna-maska\/#primaryimage"},"thumbnailUrl":"https:\/\/hipnos.lv\/wp-content\/uploads\/2025\/05\/c-2.jpg","datePublished":"2025-05-27T12:28:29+00:00","dateModified":"2025-12-12T08:23:49+00:00","description":"Maska paredz\u0113ta lieto\u0161anai ar jebkura ra\u017eot\u0101ja CPAP, APAP un BiLevel iek\u0101rtu. Jaun\u0101\u00a0JoyceOne\u00a0ir pirm\u0101 viena izm\u0113ra maska.\u00a0Jums vairs nav nepiecie\u0161am\u012bbas mekl\u0113t pareiz\u0101 izm\u0113ra masku, jo\u00a0JoyceOne\u00a0piem\u0113rojas jebkurai sejas formai. Maskas sejas un pieres gumijas izstr\u0101d\u0101tas t\u0101, ka t\u0101s autom\u0101tiski piel\u0101gojas, padarot maskas regul\u0113\u0161anu daudz \u0113rt\u0101ku un vienk\u0101r\u0161\u0101ku. Gumijas SilkTec p\u0101rkl\u0101jums palielina n\u0113s\u0101\u0161anas komfortu. Stiprin\u0101juma klip\u0161i ir ar kr\u0101su indikatoriem, kas padara \u013coti \u0113rtu maskas salik\u0161anu p\u0113c t\u0101s mazg\u0101\u0161anas. Ilggad\u012bgie pacienti \u013coti nov\u0113rt\u0113 \u0161o iesp\u0113ju.\u00a0Maska sal\u012bdzin\u0101jum\u0101 ar citu ra\u017eot\u0101ju mask\u0101m ir visklus\u0101k\u0101, jo ir izstr\u0101d\u0101ta unik\u0101la izelpot\u0101 gaisa izpl\u016bdes sist\u0113ma. M\u016bsu klientu visiecien\u012bt\u0101k\u0101 deguna maska","breadcrumb":{"@id":"https:\/\/hipnos.lv\/en\/product\/lowenstein-medical-joyce-one-deguna-maska\/#breadcrumb"},"inLanguage":"en-US","potentialAction":[{"@type":"ReadAction","target":["https:\/\/hipnos.lv\/en\/product\/lowenstein-medical-joyce-one-deguna-maska\/"]}]},{"@type":"ImageObject","inLanguage":"en-US","@id":"https:\/\/hipnos.lv\/en\/product\/lowenstein-medical-joyce-one-deguna-maska\/#primaryimage","url":"https:\/\/hipnos.lv\/wp-content\/uploads\/2025\/05\/c-2.jpg","contentUrl":"https:\/\/hipnos.lv\/wp-content\/uploads\/2025\/05\/c-2.jpg","width":2000,"height":2000},{"@type":"BreadcrumbList","@id":"https:\/\/hipnos.lv\/en\/product\/lowenstein-medical-joyce-one-deguna-maska\/#breadcrumb","itemListElement":[{"@type":"ListItem","position":1,"name":"S\u0101kums","item":"https:\/\/hipnos.lv\/en\/"},{"@type":"ListItem","position":2,"name":"E\u2010Shop","item":"https:\/\/hipnos.lv\/en\/shop\/"},{"@type":"ListItem","position":3,"name":"Lowenstein medical Joyce One deguna maska"}]},{"@type":"WebSite","@id":"https:\/\/hipnos.lv\/en\/#website","url":"https:\/\/hipnos.lv\/en\/","name":"Hipnos","description":"","potentialAction":[{"@type":"SearchAction","target":{"@type":"EntryPoint","urlTemplate":"https:\/\/hipnos.lv\/en\/?s={search_term_string}"},"query-input":{"@type":"PropertyValueSpecification","valueRequired":true,"valueName":"search_term_string"}}],"inLanguage":"en-US"}]}},"_links":{"self":[{"href":"https:\/\/hipnos.lv\/en\/wp-json\/wp\/v2\/product\/1088","targetHints":{"allow":["GET"]}}],"collection":[{"href":"https:\/\/hipnos.lv\/en\/wp-json\/wp\/v2\/product"}],"about":[{"href":"https:\/\/hipnos.lv\/en\/wp-json\/wp\/v2\/types\/product"}],"replies":[{"embeddable":true,"href":"https:\/\/hipnos.lv\/en\/wp-json\/wp\/v2\/comments?post=1088"}],"wp:featuredmedia":[{"embeddable":true,"href":"https:\/\/hipnos.lv\/en\/wp-json\/wp\/v2\/media\/1121"}],"wp:attachment":[{"href":"https:\/\/hipnos.lv\/en\/wp-json\/wp\/v2\/media?parent=1088"}],"wp:term":[{"taxonomy":"product_brand","embeddable":true,"href":"https:\/\/hipnos.lv\/en\/wp-json\/wp\/v2\/product_brand?post=1088"},{"taxonomy":"product_cat","embeddable":true,"href":"https:\/\/hipnos.lv\/en\/wp-json\/wp\/v2\/product_cat?post=1088"},{"taxonomy":"product_tag","embeddable":true,"href":"https:\/\/hipnos.lv\/en\/wp-json\/wp\/v2\/product_tag?post=1088"}],"curies":[{"name":"wp","href":"https:\/\/api.w.org\/{rel}","templated":true}]}}