{"id":1709,"date":"2025-08-06T12:33:51","date_gmt":"2025-08-06T12:33:51","guid":{"rendered":"https:\/\/hipnos.lv\/?page_id=1709"},"modified":"2025-08-06T12:33:52","modified_gmt":"2025-08-06T12:33:52","slug":"cookie-policy","status":"publish","type":"page","link":"https:\/\/hipnos.lv\/en\/cookie-policy\/","title":{"rendered":"Cookie Policy"},"content":{"rendered":"\n<p>S\u012bkdatnes pal\u012bdz Jums piln\u012bb\u0101 izmantot \u0161o vietni. M\u0113s izmantojam s\u012bkdatnes ar m\u0113r\u0137i, lai analiz\u0113tu vietnes apmekl\u0113jumus, veiktu uzlabojumus un sniegtu Jums atbilsto\u0161u inform\u0101ciju. T\u0101d\u0101 veid\u0101 J\u016bs varat \u0101tr\u0101k atrast to, ko mekl\u0113jat, un tiek par\u0101d\u012bta Jums speci\u0101li izv\u0113l\u0113ta inform\u0101cija.<\/p>\n\n\n\n<h3 class=\"wp-block-heading\">K\u0101di ir s\u012bkdat\u0146u veidi?<\/h3>\n\n\n\n<p>Pamata s\u012bkdatnes &#8211; nodro\u0161ina, ka vietne darbojas atbilsto\u0161i, piem\u0113ram, datora vai plan\u0161etdatora displej\u0101 att\u0113li un teksts tiek pareizi att\u0113loti. Personisk\u0101s s\u012bkdatnes &#8211; saglab\u0101 vietnes veidot\u0101s izv\u0113les iesp\u0113jas, piem\u0113ram, valodu.<\/p>\n\n\n\n<h3 class=\"wp-block-heading\">Kas notiek, ja izsl\u0113dz s\u012bkdatnes?<\/h3>\n\n\n\n<p>J\u016bs varat izsl\u0113gt s\u012bkdatnes katras p\u0101rl\u016bkprogrammas dro\u0161\u012bbas iestat\u012bjumos. L\u016bdzu \u0146emiet v\u0113r\u0101, ka, izsl\u0113dzot s\u012bkdatnes, vietne vairs nedarbosies optim\u0101li, un, apmekl\u0113jot to atk\u0101rtoti, J\u016bs sa\u0146emsiet jaunu zi\u0146ojumu par piekri\u0161anas nepiecie\u0161am\u012bbu. Tas ir t\u0101p\u0113c, ka vairs nav iesp\u0113jams atrast saglab\u0101tos iestat\u012bjumus, lai J\u016bs var\u0113tu pilnv\u0113rt\u012bgi izmantot vietni.<\/p>\n\n\n\n<h3 class=\"wp-block-heading\">J\u016bsu apstiprin\u0101jums<\/h3>\n\n\n\n<p>S\u012bkdatnes nav jaunums, ta\u010du sp\u0113k\u0101 eso\u0161ais regul\u0113jums prasa, ka pirms s\u012bkdat\u0146u ievieto\u0161anas J\u016bsu ier\u012bc\u0113, mums ir nepiecie\u0161ama J\u016bsu piekri\u0161ana.<\/p>\n","protected":false},"excerpt":{"rendered":"<p>S\u012bkdatnes pal\u012bdz Jums piln\u012bb\u0101 izmantot \u0161o vietni. M\u0113s izmantojam s\u012bkdatnes ar m\u0113r\u0137i, lai analiz\u0113tu vietnes apmekl\u0113jumus, veiktu uzlabojumus un sniegtu Jums atbilsto\u0161u inform\u0101ciju. T\u0101d\u0101 veid\u0101 J\u016bs varat<\/p>\n","protected":false},"author":1,"featured_media":0,"parent":0,"menu_order":0,"comment_status":"closed","ping_status":"closed","template":"","meta":{"_acf_changed":false,"inline_featured_image":false,"footnotes":""},"class_list":["post-1709","page","type-page","status-publish","hentry"],"acf":[],"yoast_head":"<!-- This site is optimized with the Yoast SEO plugin v27.0 - https:\/\/yoast.com\/product\/yoast-seo-wordpress\/ -->\n<title>Cookie Policy - Hipnos<\/title>\n<meta name=\"robots\" content=\"noindex, follow, max-snippet:-1, max-image-preview:large, max-video-preview:-1\" \/>\n<meta property=\"og:locale\" content=\"en_US\" \/>\n<meta property=\"og:type\" content=\"article\" \/>\n<meta property=\"og:title\" content=\"Cookie Policy - Hipnos\" \/>\n<meta property=\"og:description\" content=\"S\u012bkdatnes pal\u012bdz Jums piln\u012bb\u0101 izmantot \u0161o vietni. M\u0113s izmantojam s\u012bkdatnes ar m\u0113r\u0137i, lai analiz\u0113tu vietnes apmekl\u0113jumus, veiktu uzlabojumus un sniegtu Jums atbilsto\u0161u inform\u0101ciju. T\u0101d\u0101 veid\u0101 J\u016bs varat\" \/>\n<meta property=\"og:url\" content=\"https:\/\/hipnos.lv\/en\/cookie-policy\/\" \/>\n<meta property=\"og:site_name\" content=\"Hipnos\" \/>\n<meta property=\"article:modified_time\" content=\"2025-08-06T12:33:52+00:00\" \/>\n<meta name=\"twitter:card\" content=\"summary_large_image\" \/>\n<meta name=\"twitter:label1\" content=\"Est. reading time\" \/>\n\t<meta name=\"twitter:data1\" content=\"1 minute\" \/>\n<script type=\"application\/ld+json\" class=\"yoast-schema-graph\">{\"@context\":\"https:\/\/schema.org\",\"@graph\":[{\"@type\":\"WebPage\",\"@id\":\"https:\/\/hipnos.lv\/en\/cookie-policy\/\",\"url\":\"https:\/\/hipnos.lv\/en\/cookie-policy\/\",\"name\":\"Cookie Policy - Hipnos\",\"isPartOf\":{\"@id\":\"https:\/\/hipnos.lv\/en\/#website\"},\"datePublished\":\"2025-08-06T12:33:51+00:00\",\"dateModified\":\"2025-08-06T12:33:52+00:00\",\"breadcrumb\":{\"@id\":\"https:\/\/hipnos.lv\/en\/cookie-policy\/#breadcrumb\"},\"inLanguage\":\"en-US\",\"potentialAction\":[{\"@type\":\"ReadAction\",\"target\":[\"https:\/\/hipnos.lv\/en\/cookie-policy\/\"]}]},{\"@type\":\"BreadcrumbList\",\"@id\":\"https:\/\/hipnos.lv\/en\/cookie-policy\/#breadcrumb\",\"itemListElement\":[{\"@type\":\"ListItem\",\"position\":1,\"name\":\"S\u0101kums\",\"item\":\"https:\/\/hipnos.lv\/en\/\"},{\"@type\":\"ListItem\",\"position\":2,\"name\":\"Cookie Policy\"}]},{\"@type\":\"WebSite\",\"@id\":\"https:\/\/hipnos.lv\/en\/#website\",\"url\":\"https:\/\/hipnos.lv\/en\/\",\"name\":\"Hipnos\",\"description\":\"\",\"potentialAction\":[{\"@type\":\"SearchAction\",\"target\":{\"@type\":\"EntryPoint\",\"urlTemplate\":\"https:\/\/hipnos.lv\/en\/?s={search_term_string}\"},\"query-input\":{\"@type\":\"PropertyValueSpecification\",\"valueRequired\":true,\"valueName\":\"search_term_string\"}}],\"inLanguage\":\"en-US\"}]}<\/script>\n<!-- \/ Yoast SEO plugin. -->","yoast_head_json":{"title":"Cookie Policy - Hipnos","robots":{"index":"noindex","follow":"follow","max-snippet":"max-snippet:-1","max-image-preview":"max-image-preview:large","max-video-preview":"max-video-preview:-1"},"og_locale":"en_US","og_type":"article","og_title":"Cookie Policy - Hipnos","og_description":"S\u012bkdatnes pal\u012bdz Jums piln\u012bb\u0101 izmantot \u0161o vietni. M\u0113s izmantojam s\u012bkdatnes ar m\u0113r\u0137i, lai analiz\u0113tu vietnes apmekl\u0113jumus, veiktu uzlabojumus un sniegtu Jums atbilsto\u0161u inform\u0101ciju. T\u0101d\u0101 veid\u0101 J\u016bs varat","og_url":"https:\/\/hipnos.lv\/en\/cookie-policy\/","og_site_name":"Hipnos","article_modified_time":"2025-08-06T12:33:52+00:00","twitter_card":"summary_large_image","twitter_misc":{"Est. reading time":"1 minute"},"schema":{"@context":"https:\/\/schema.org","@graph":[{"@type":"WebPage","@id":"https:\/\/hipnos.lv\/en\/cookie-policy\/","url":"https:\/\/hipnos.lv\/en\/cookie-policy\/","name":"Cookie Policy - Hipnos","isPartOf":{"@id":"https:\/\/hipnos.lv\/en\/#website"},"datePublished":"2025-08-06T12:33:51+00:00","dateModified":"2025-08-06T12:33:52+00:00","breadcrumb":{"@id":"https:\/\/hipnos.lv\/en\/cookie-policy\/#breadcrumb"},"inLanguage":"en-US","potentialAction":[{"@type":"ReadAction","target":["https:\/\/hipnos.lv\/en\/cookie-policy\/"]}]},{"@type":"BreadcrumbList","@id":"https:\/\/hipnos.lv\/en\/cookie-policy\/#breadcrumb","itemListElement":[{"@type":"ListItem","position":1,"name":"S\u0101kums","item":"https:\/\/hipnos.lv\/en\/"},{"@type":"ListItem","position":2,"name":"Cookie Policy"}]},{"@type":"WebSite","@id":"https:\/\/hipnos.lv\/en\/#website","url":"https:\/\/hipnos.lv\/en\/","name":"Hipnos","description":"","potentialAction":[{"@type":"SearchAction","target":{"@type":"EntryPoint","urlTemplate":"https:\/\/hipnos.lv\/en\/?s={search_term_string}"},"query-input":{"@type":"PropertyValueSpecification","valueRequired":true,"valueName":"search_term_string"}}],"inLanguage":"en-US"}]}},"_links":{"self":[{"href":"https:\/\/hipnos.lv\/en\/wp-json\/wp\/v2\/pages\/1709","targetHints":{"allow":["GET"]}}],"collection":[{"href":"https:\/\/hipnos.lv\/en\/wp-json\/wp\/v2\/pages"}],"about":[{"href":"https:\/\/hipnos.lv\/en\/wp-json\/wp\/v2\/types\/page"}],"author":[{"embeddable":true,"href":"https:\/\/hipnos.lv\/en\/wp-json\/wp\/v2\/users\/1"}],"replies":[{"embeddable":true,"href":"https:\/\/hipnos.lv\/en\/wp-json\/wp\/v2\/comments?post=1709"}],"version-history":[{"count":1,"href":"https:\/\/hipnos.lv\/en\/wp-json\/wp\/v2\/pages\/1709\/revisions"}],"predecessor-version":[{"id":1710,"href":"https:\/\/hipnos.lv\/en\/wp-json\/wp\/v2\/pages\/1709\/revisions\/1710"}],"wp:attachment":[{"href":"https:\/\/hipnos.lv\/en\/wp-json\/wp\/v2\/media?parent=1709"}],"curies":[{"name":"wp","href":"https:\/\/api.w.org\/{rel}","templated":true}]}}